{"id":614,"date":"2018-11-15T10:38:16","date_gmt":"2018-11-15T10:38:16","guid":{"rendered":"https:\/\/catarsimagazin.cat\/congres\/?page_id=614"},"modified":"2019-11-21T18:05:48","modified_gmt":"2019-11-21T18:05:48","slug":"avis-legal","status":"publish","type":"page","link":"https:\/\/catarsimagazin.cat\/congres\/avis-legal\/","title":{"rendered":"Av\u00eds legal"},"content":{"rendered":"\t\t<div data-elementor-type=\"wp-page\" data-elementor-id=\"614\" class=\"elementor elementor-614\">\n\t\t\t\t\t\t<div class=\"elementor-inner\">\n\t\t\t\t<div class=\"elementor-section-wrap\">\n\t\t\t\t\t\t\t\t\t<section class=\"elementor-section elementor-top-section elementor-element elementor-element-23c36628 elementor-section-boxed elementor-section-height-default elementor-section-height-default\" data-id=\"23c36628\" data-element_type=\"section\">\n\t\t\t\t\t\t<div class=\"elementor-container elementor-column-gap-default\">\n\t\t\t\t\t\t\t<div class=\"elementor-row\">\n\t\t\t\t\t<div class=\"elementor-column elementor-col-100 elementor-top-column elementor-element elementor-element-5714112b\" data-id=\"5714112b\" data-element_type=\"column\">\n\t\t\t<div class=\"elementor-column-wrap elementor-element-populated\">\n\t\t\t\t\t\t\t<div class=\"elementor-widget-wrap\">\n\t\t\t\t\t\t<div class=\"elementor-element elementor-element-4646289 elementor-widget elementor-widget-heading\" data-id=\"4646289\" data-element_type=\"widget\" data-widget_type=\"heading.default\">\n\t\t\t\t<div class=\"elementor-widget-container\">\n\t\t\t<h2 class=\"elementor-heading-title elementor-size-default\">Av\u00eds legal<\/h2>\t\t<\/div>\n\t\t\t\t<\/div>\n\t\t\t\t<div class=\"elementor-element elementor-element-922db60 elementor-widget elementor-widget-spacer\" data-id=\"922db60\" data-element_type=\"widget\" data-widget_type=\"spacer.default\">\n\t\t\t\t<div class=\"elementor-widget-container\">\n\t\t\t\t\t<div class=\"elementor-spacer\">\n\t\t\t<div class=\"elementor-spacer-inner\"><\/div>\n\t\t<\/div>\n\t\t\t\t<\/div>\n\t\t\t\t<\/div>\n\t\t\t\t<div class=\"elementor-element elementor-element-7b65b6f elementor-widget elementor-widget-text-editor\" data-id=\"7b65b6f\" data-element_type=\"widget\" data-widget_type=\"text-editor.default\">\n\t\t\t\t<div class=\"elementor-widget-container\">\n\t\t\t\t\t\t\t\t<div class=\"elementor-text-editor elementor-clearfix\">\n\t\t\t\t<p><span style=\"font-weight: 400;\">Aquest lloc web (www.catarsimagazin.cat)<\/span><span style=\"font-weight: 400;\">\u00a0\u00e9s titularitat de <\/span><b>Cultura 21, SCCL<\/b><span style=\"font-weight: 400;\">, societat inscrita al Registre de Cooperatives de Barcelona, amb n\u00famero d\u2019assentament 0279E\/20574\/2011\u00a0<\/span><span style=\"font-weight: 400;\">en el full d\u2019inscripci\u00f3 13970<\/span><span style=\"font-weight: 400;\">. <\/span><\/p><p><span style=\"font-weight: 400;\">Cultura 21, SCCL, t\u00e9 el domicili a la ciutat de <\/span><b>Manresa, a la Pla\u00e7a Gispert 4, 2n pis<\/b><span style=\"font-weight: 400;\"> (CP 08241) i \u00a0el seu <\/span><b>NIF<\/b><span style=\"font-weight: 400;\"> \u00e9s <\/span><b>F65533200<\/b><span style=\"font-weight: 400;\">. <\/span><\/p><p><span style=\"font-weight: 400;\">Podeu contactar amb nosaltres per escrit a l\u2019adre\u00e7a indicada, per correu electr\u00f2nic a <\/span><a href=\"mailto:redaccio@catarsimagazin.cat\"><span style=\"font-weight: 400;\">redaccio@catarsimagazin.cat<\/span><\/a> <span style=\"font-weight: 400;\"> o per tel\u00e8fon al 93 742 26 83.<\/span><\/p><ul><li style=\"font-weight: 400;\"><span style=\"font-weight: 400;\">Consulteu la Pol\u00edtica de Privacitat i de protecci\u00f3 de dades de car\u00e0cter personal <\/span><a href=\"http:\/\/catarsimagazin.cat\/congres\/politica-de-privacitat\"><span style=\"font-weight: 400;\">aqu\u00ed<\/span><\/a><span style=\"font-weight: 400;\">.<\/span><\/li><li style=\"font-weight: 400;\">Consulteu les Condicions Generals de Contractaci\u00f3 <a href=\"https:\/\/catarsimagazin.cat\/congres\/condicions-generals-contractacio\"><span style=\"font-weight: 400;\">aqu\u00ed<\/span><\/a><span style=\"font-weight: 400;\">.<\/span><\/li><\/ul>\t\t\t\t\t<\/div>\n\t\t\t\t\t\t<\/div>\n\t\t\t\t<\/div>\n\t\t\t\t\t\t<\/div>\n\t\t\t\t\t<\/div>\n\t\t<\/div>\n\t\t\t\t\t\t\t\t<\/div>\n\t\t\t\t\t<\/div>\n\t\t<\/section>\n\t\t\t\t\t\t\t\t\t<\/div>\n\t\t\t<\/div>\n\t\t\t\t\t<\/div>\n\t\t","protected":false},"excerpt":{"rendered":"<p>Av\u00eds legal Aquest lloc web (www.catarsimagazin.cat)\u00a0\u00e9s titularitat de Cultura 21, SCCL, societat inscrita al Registre de Cooperatives de Barcelona, amb n\u00famero d\u2019assentament 0279E\/20574\/2011\u00a0en el full d\u2019inscripci\u00f3 13970. Cultura 21, SCCL, t\u00e9 el domicili a la ciutat de Manresa, a la Pla\u00e7a Gispert 4, 2n pis (CP 08241) i \u00a0el seu NIF \u00e9s F65533200. Podeu contactar [&hellip;]<\/p>\n","protected":false},"author":2,"featured_media":943,"parent":0,"menu_order":6,"comment_status":"closed","ping_status":"closed","template":"elementor_header_footer","meta":{"_mi_skip_tracking":false},"yst_prominent_words":[],"_links":{"self":[{"href":"https:\/\/catarsimagazin.cat\/congres\/wp-json\/wp\/v2\/pages\/614"}],"collection":[{"href":"https:\/\/catarsimagazin.cat\/congres\/wp-json\/wp\/v2\/pages"}],"about":[{"href":"https:\/\/catarsimagazin.cat\/congres\/wp-json\/wp\/v2\/types\/page"}],"author":[{"embeddable":true,"href":"https:\/\/catarsimagazin.cat\/congres\/wp-json\/wp\/v2\/users\/2"}],"replies":[{"embeddable":true,"href":"https:\/\/catarsimagazin.cat\/congres\/wp-json\/wp\/v2\/comments?post=614"}],"version-history":[{"count":0,"href":"https:\/\/catarsimagazin.cat\/congres\/wp-json\/wp\/v2\/pages\/614\/revisions"}],"wp:featuredmedia":[{"embeddable":true,"href":"https:\/\/catarsimagazin.cat\/congres\/wp-json\/wp\/v2\/media\/943"}],"wp:attachment":[{"href":"https:\/\/catarsimagazin.cat\/congres\/wp-json\/wp\/v2\/media?parent=614"}],"wp:term":[{"taxonomy":"yst_prominent_words","embeddable":true,"href":"https:\/\/catarsimagazin.cat\/congres\/wp-json\/wp\/v2\/yst_prominent_words?post=614"}],"curies":[{"name":"wp","href":"https:\/\/api.w.org\/{rel}","templated":true}]}}